
{"id":432,"date":"2022-02-18T13:03:29","date_gmt":"2022-02-18T12:03:29","guid":{"rendered":"https:\/\/dk.klubarbeit.net\/impressum\/"},"modified":"2022-04-04T14:40:25","modified_gmt":"2022-04-04T12:40:25","slug":"imprint","status":"publish","type":"page","link":"https:\/\/dagmarkoenig.com\/en\/imprint\/","title":{"rendered":"Imprint"},"content":{"rendered":"<p><strong>DAGMAR K\u00d6NIG<\/strong><br \/>\nVo\u00dfbergstra\u00dfe 3, D-10825 Berlin<\/p>\n<p>mobil\u00a0<a href=\"tel:+4915150607444\">+49 151 50 60 7444<\/a><br \/>\n<a href=\"mailto:dk@dagmarkoenig.com\">dk@dagmarkoenig.com<\/a><\/p>\n<p><strong>Bildrechte: &#8230;<\/strong><\/p>\n","protected":false},"excerpt":{"rendered":"<p>DAGMAR K\u00d6NIG Vo\u00dfbergstra\u00dfe 3, D-10825 Berlin mobil\u00a0+49 151 50 60 7444 dk@dagmarkoenig.com Bildrechte: &#8230;<\/p>\n","protected":false},"author":1,"featured_media":0,"parent":0,"menu_order":12,"comment_status":"closed","ping_status":"closed","template":"","meta":{"footnotes":""},"class_list":["post-432","page","type-page","status-publish","hentry"],"meta_box":{"text_ipfc5z0anm":"","group_ybi6pdonqog":[],"kontaktdaten":"","text_e9zwcta15sg":"Responsible for the content","headline_gross_um":"","text_lr4tj6dsbi":"","text_1":"","bild-uberuns-mitte":[],"text_r4xmj3u1mpd":"","wysiwyg_0chvlnpcfak7":"","text_jkmz3mr7wso":"","text_h6yc0fsbks":"","wysiwyg_td36ju1s19":""},"_links":{"self":[{"href":"https:\/\/dagmarkoenig.com\/en\/wp-json\/wp\/v2\/pages\/432","targetHints":{"allow":["GET"]}}],"collection":[{"href":"https:\/\/dagmarkoenig.com\/en\/wp-json\/wp\/v2\/pages"}],"about":[{"href":"https:\/\/dagmarkoenig.com\/en\/wp-json\/wp\/v2\/types\/page"}],"author":[{"embeddable":true,"href":"https:\/\/dagmarkoenig.com\/en\/wp-json\/wp\/v2\/users\/1"}],"replies":[{"embeddable":true,"href":"https:\/\/dagmarkoenig.com\/en\/wp-json\/wp\/v2\/comments?post=432"}],"version-history":[{"count":4,"href":"https:\/\/dagmarkoenig.com\/en\/wp-json\/wp\/v2\/pages\/432\/revisions"}],"predecessor-version":[{"id":508,"href":"https:\/\/dagmarkoenig.com\/en\/wp-json\/wp\/v2\/pages\/432\/revisions\/508"}],"wp:attachment":[{"href":"https:\/\/dagmarkoenig.com\/en\/wp-json\/wp\/v2\/media?parent=432"}],"curies":[{"name":"wp","href":"https:\/\/api.w.org\/{rel}","templated":true}]}}